{"id":4707,"date":"2020-06-15T12:23:19","date_gmt":"2020-06-15T10:23:19","guid":{"rendered":"https:\/\/www.infenso.hr\/contact\/"},"modified":"2020-10-20T10:27:10","modified_gmt":"2020-10-20T09:27:10","slug":"contact","status":"publish","type":"page","link":"https:\/\/www.infenso.hr\/en\/contact\/","title":{"rendered":"Contact"},"content":{"rendered":"\t\t<div data-elementor-type=\"wp-page\" data-elementor-id=\"4707\" class=\"elementor elementor-4707 elementor-4539\">\n\t\t\t\t\t\t<section class=\"elementor-section elementor-top-section elementor-element elementor-element-408de18 elementor-section-boxed elementor-section-height-default elementor-section-height-default\" data-id=\"408de18\" data-element_type=\"section\">\n\t\t\t\t\t\t<div class=\"elementor-container elementor-column-gap-default\">\n\t\t\t\t\t<div class=\"elementor-column elementor-col-50 elementor-top-column elementor-element elementor-element-889d2a8\" data-id=\"889d2a8\" data-element_type=\"column\">\n\t\t\t<div class=\"elementor-widget-wrap elementor-element-populated\">\n\t\t\t\t\t\t<div class=\"elementor-element elementor-element-73e4436 elementor-widget elementor-widget-text-editor\" data-id=\"73e4436\" data-element_type=\"widget\" data-widget_type=\"text-editor.default\">\n\t\t\t\t<div class=\"elementor-widget-container\">\n\t\t\t\t\t\t\t\t\t<div style=\"text-align: center;\">Office: Technology Innovation Center Me\u0111imurje (<a href=\"https:\/\/ticm.hr\/\">TICM<\/a>), <br \/>Bana Josipa Jela\u010di\u0107a 22c, \u010cakovec<\/div><div style=\"text-align: center;\">e-mail: info@infenso.hr<\/div><div style=\"text-align: center;\">phone: +385 40 499 413<\/div>\t\t\t\t\t\t\t\t<\/div>\n\t\t\t\t<\/div>\n\t\t\t\t\t<\/div>\n\t\t<\/div>\n\t\t\t\t<div class=\"elementor-column elementor-col-50 elementor-top-column elementor-element elementor-element-011de78\" data-id=\"011de78\" data-element_type=\"column\">\n\t\t\t<div class=\"elementor-widget-wrap elementor-element-populated\">\n\t\t\t\t\t\t<div class=\"elementor-element elementor-element-51a9bbe elementor-widget elementor-widget-text-editor\" data-id=\"51a9bbe\" data-element_type=\"widget\" data-widget_type=\"text-editor.default\">\n\t\t\t\t<div class=\"elementor-widget-container\">\n\t\t\t\t\t\t\t\t\t<div style=\"text-align: center;\">Office Zagreb: GLM Digital d.o.o. (<a href=\"http:\/\/www.greenlittlemonster.com\/\" target=\"_blank\" rel=\"noopener\">GLM<\/a>),\u00a0<div style=\"text-align: center;\">Avenija Dubrovnik 15, Zagreb<\/div><div style=\"text-align: center;\"><a href=\"https:\/\/www.zicer.hr\/\">ZICER uredi\u00a0<\/a><\/div><\/div>\t\t\t\t\t\t\t\t<\/div>\n\t\t\t\t<\/div>\n\t\t\t\t\t<\/div>\n\t\t<\/div>\n\t\t\t\t\t<\/div>\n\t\t<\/section>\n\t\t\t\t<section class=\"elementor-section elementor-top-section elementor-element elementor-element-4d39a2d7 elementor-section-boxed elementor-section-height-default elementor-section-height-default\" data-id=\"4d39a2d7\" data-element_type=\"section\">\n\t\t\t\t\t\t<div class=\"elementor-container elementor-column-gap-default\">\n\t\t\t\t\t<div class=\"elementor-column elementor-col-100 elementor-top-column elementor-element elementor-element-4a4ef7c5\" data-id=\"4a4ef7c5\" data-element_type=\"column\">\n\t\t\t<div class=\"elementor-widget-wrap\">\n\t\t\t\t\t\t\t<\/div>\n\t\t<\/div>\n\t\t\t\t\t<\/div>\n\t\t<\/section>\n\t\t\t\t<section class=\"elementor-section elementor-top-section elementor-element elementor-element-2729f91 elementor-section-boxed elementor-section-height-default elementor-section-height-default\" data-id=\"2729f91\" data-element_type=\"section\">\n\t\t\t\t\t\t<div class=\"elementor-container elementor-column-gap-default\">\n\t\t\t\t\t<div class=\"elementor-column elementor-col-100 elementor-top-column elementor-element elementor-element-18ba73b\" data-id=\"18ba73b\" data-element_type=\"column\">\n\t\t\t<div class=\"elementor-widget-wrap\">\n\t\t\t\t\t\t\t<\/div>\n\t\t<\/div>\n\t\t\t\t\t<\/div>\n\t\t<\/section>\n\t\t\t\t<section class=\"elementor-section elementor-top-section elementor-element elementor-element-ae00780 elementor-section-full_width elementor-section-height-default elementor-section-height-default\" data-id=\"ae00780\" data-element_type=\"section\">\n\t\t\t\t\t\t<div class=\"elementor-container elementor-column-gap-default\">\n\t\t\t\t\t<div class=\"elementor-column elementor-col-100 elementor-top-column elementor-element elementor-element-9775d10\" data-id=\"9775d10\" data-element_type=\"column\">\n\t\t\t<div class=\"elementor-widget-wrap elementor-element-populated\">\n\t\t\t\t\t\t<div class=\"elementor-element elementor-element-eb4e03f elementor-widget elementor-widget-google_maps\" data-id=\"eb4e03f\" data-element_type=\"widget\" data-widget_type=\"google_maps.default\">\n\t\t\t\t<div class=\"elementor-widget-container\">\n\t\t\t\t\t\t\t<div class=\"elementor-custom-embed\">\n\t\t\t<iframe loading=\"lazy\"\n\t\t\t\t\tsrc=\"https:\/\/maps.google.com\/maps?q=Infeso%2C%20%C4%8Cakovec&#038;t=m&#038;z=15&#038;output=embed&#038;iwloc=near\"\n\t\t\t\t\ttitle=\"Infeso, \u010cakovec\"\n\t\t\t\t\taria-label=\"Infeso, \u010cakovec\"\n\t\t\t><\/iframe>\n\t\t<\/div>\n\t\t\t\t\t\t<\/div>\n\t\t\t\t<\/div>\n\t\t\t\t\t<\/div>\n\t\t<\/div>\n\t\t\t\t\t<\/div>\n\t\t<\/section>\n\t\t\t\t<section class=\"elementor-section elementor-top-section elementor-element elementor-element-3aaa8ba elementor-section-content-middle elementor-section-boxed elementor-section-height-default elementor-section-height-default\" data-id=\"3aaa8ba\" data-element_type=\"section\">\n\t\t\t\t\t\t<div class=\"elementor-container elementor-column-gap-no\">\n\t\t\t\t\t<div class=\"elementor-column elementor-col-100 elementor-top-column elementor-element elementor-element-59162a80\" data-id=\"59162a80\" data-element_type=\"column\" data-settings=\"{&quot;background_background&quot;:&quot;classic&quot;}\">\n\t\t\t<div class=\"elementor-widget-wrap elementor-element-populated\">\n\t\t\t\t\t\t<div class=\"elementor-element elementor-element-4052f75f elementor-widget elementor-widget-heading\" data-id=\"4052f75f\" data-element_type=\"widget\" data-widget_type=\"heading.default\">\n\t\t\t\t<div class=\"elementor-widget-container\">\n\t\t\t\t\t<h2 class=\"elementor-heading-title elementor-size-default\"><span style=\"background-color: #FFFFff\"> &nbsp; Contact &nbsp; <\/span><\/h2>\t\t\t\t<\/div>\n\t\t\t\t<\/div>\n\t\t\t\t\t<\/div>\n\t\t<\/div>\n\t\t\t\t\t<\/div>\n\t\t<\/section>\n\t\t\t\t<section class=\"elementor-section elementor-top-section elementor-element elementor-element-58bf9c11 elementor-section-content-middle elementor-section-stretched elementor-section-boxed elementor-section-height-default elementor-section-height-default\" data-id=\"58bf9c11\" data-element_type=\"section\" data-settings=\"{&quot;background_background&quot;:&quot;classic&quot;,&quot;stretch_section&quot;:&quot;section-stretched&quot;}\">\n\t\t\t\t\t\t\t<div class=\"elementor-background-overlay\"><\/div>\n\t\t\t\t\t\t\t<div class=\"elementor-container elementor-column-gap-no\">\n\t\t\t\t\t<div class=\"elementor-column elementor-col-100 elementor-top-column elementor-element elementor-element-e79e816\" data-id=\"e79e816\" data-element_type=\"column\">\n\t\t\t<div class=\"elementor-widget-wrap elementor-element-populated\">\n\t\t\t\t\t\t<div class=\"elementor-element elementor-element-778e7afc elementor-widget elementor-widget-shortcode\" data-id=\"778e7afc\" data-element_type=\"widget\" data-widget_type=\"shortcode.default\">\n\t\t\t\t<div class=\"elementor-widget-container\">\n\t\t\t\t\t\t\t<div class=\"elementor-shortcode\">\n<div class=\"wpcf7 no-js\" id=\"wpcf7-f4249-o1\" lang=\"hr\" dir=\"ltr\" data-wpcf7-id=\"4249\">\n<div class=\"screen-reader-response\"><p role=\"status\" aria-live=\"polite\" aria-atomic=\"true\"><\/p> <ul><\/ul><\/div>\n<form action=\"\/en\/wp-json\/wp\/v2\/pages\/4707#wpcf7-f4249-o1\" method=\"post\" class=\"wpcf7-form init\" aria-label=\"Kontakt obrazac\" novalidate=\"novalidate\" data-status=\"init\">\n<fieldset class=\"hidden-fields-container\"><input type=\"hidden\" name=\"_wpcf7\" value=\"4249\" \/><input type=\"hidden\" name=\"_wpcf7_version\" value=\"6.1.5\" \/><input type=\"hidden\" name=\"_wpcf7_locale\" value=\"hr\" \/><input type=\"hidden\" name=\"_wpcf7_unit_tag\" value=\"wpcf7-f4249-o1\" \/><input type=\"hidden\" name=\"_wpcf7_container_post\" value=\"0\" \/><input type=\"hidden\" name=\"_wpcf7_posted_data_hash\" value=\"\" \/><input type=\"hidden\" name=\"_wpcf7_recaptcha_response\" value=\"\" \/>\n<\/fieldset>\n<label> Your name (required)\n    <span class=\"wpcf7-form-control-wrap\" data-name=\"your-name\"><input size=\"40\" maxlength=\"400\" class=\"wpcf7-form-control wpcf7-text wpcf7-validates-as-required\" aria-required=\"true\" aria-invalid=\"false\" value=\"\" type=\"text\" name=\"your-name\" \/><\/span> <\/label>\n\n<label> Your e-mail address (required)\n    <span class=\"wpcf7-form-control-wrap\" data-name=\"your-email\"><input size=\"40\" maxlength=\"400\" class=\"wpcf7-form-control wpcf7-email wpcf7-validates-as-required wpcf7-text wpcf7-validates-as-email\" aria-required=\"true\" aria-invalid=\"false\" value=\"\" type=\"email\" name=\"your-email\" \/><\/span> <\/label>\n\n<label> Subject\n    <span class=\"wpcf7-form-control-wrap\" data-name=\"your-subject\"><input size=\"40\" maxlength=\"400\" class=\"wpcf7-form-control wpcf7-text\" aria-invalid=\"false\" value=\"\" type=\"text\" name=\"your-subject\" \/><\/span> <\/label>\n\n<label> Your message\n    <span class=\"wpcf7-form-control-wrap\" data-name=\"your-message\"><textarea cols=\"40\" rows=\"10\" maxlength=\"2000\" class=\"wpcf7-form-control wpcf7-textarea\" aria-invalid=\"false\" name=\"your-message\"><\/textarea><\/span> <\/label>\n\n\n\n<input class=\"wpcf7-form-control wpcf7-submit has-spinner\" type=\"submit\" value=\"SEND\" \/><p style=\"display: none !important;\" class=\"akismet-fields-container\" data-prefix=\"_wpcf7_ak_\"><label>&#916;<textarea name=\"_wpcf7_ak_hp_textarea\" cols=\"45\" rows=\"8\" maxlength=\"100\"><\/textarea><\/label><input type=\"hidden\" id=\"ak_js_1\" name=\"_wpcf7_ak_js\" value=\"233\"\/><script type=\"text\/javascript\">\n\/* <![CDATA[ *\/\ndocument.getElementById( \"ak_js_1\" ).setAttribute( \"value\", ( new Date() ).getTime() );\n\/* ]]> *\/\n<\/script>\n<\/p><div class=\"wpcf7-response-output\" aria-hidden=\"true\"><\/div>\n<\/form>\n<\/div>\n<\/div>\n\t\t\t\t\t\t<\/div>\n\t\t\t\t<\/div>\n\t\t\t\t\t<\/div>\n\t\t<\/div>\n\t\t\t\t\t<\/div>\n\t\t<\/section>\n\t\t\t\t<section class=\"elementor-section elementor-top-section elementor-element elementor-element-2b474253 elementor-section-full_width elementor-section-content-middle elementor-section-stretched elementor-section-height-default elementor-section-height-default\" data-id=\"2b474253\" data-element_type=\"section\" data-settings=\"{&quot;background_background&quot;:&quot;classic&quot;,&quot;stretch_section&quot;:&quot;section-stretched&quot;}\">\n\t\t\t\t\t\t<div class=\"elementor-container elementor-column-gap-default\">\n\t\t\t\t\t<div class=\"elementor-column elementor-col-100 elementor-top-column elementor-element elementor-element-3718484b\" data-id=\"3718484b\" data-element_type=\"column\">\n\t\t\t<div class=\"elementor-widget-wrap elementor-element-populated\">\n\t\t\t\t\t\t<div class=\"elementor-element elementor-element-3f82b817 elementor-widget elementor-widget-wp-widget-lshowcase_widget\" data-id=\"3f82b817\" data-element_type=\"widget\" data-widget_type=\"wp-widget-lshowcase_widget.default\">\n\t\t\t\t<div class=\"elementor-widget-container\">\n\t\t\t\t\t<div class=\"lshowcase-clear-both\">&nbsp;<\/div><div class=\"lshowcase-logos \"><div class='lshowcase-flex' ><div  data-entry-id='5396' class='lshowcase-thumb lshowcase-lower-opacity lshowcase-tooltip lshowcase-box-6 ls-reference '><div style=\"padding:5%;\" class=\"lshowcase-wrap-responsive\"><div data-entry-id=\"5396\" class=\"lshowcase-boxInner\"><a href='https:\/\/razvoj.gov.hr\/' target='_blank' ><img data-no-lazy='1' data-original-title='Ministarstvo regionalnoga razvoja i fondova Europske unije' data-entry-id='5396' src='https:\/\/www.infenso.hr\/oohydsoz\/2021\/03\/mu_logo-200x35.png'  width='200'  height = '35'  alt='Ministarstvo regionalnoga razvoja - logo' title='Ministarstvo regionalnoga razvoja i fondova Europske unije' class='lshowcase-thumb'   \/><\/a><\/div><\/div><\/div><div  data-entry-id='4658' class='lshowcase-thumb lshowcase-lower-opacity lshowcase-tooltip lshowcase-box-6 ls-reference '><div style=\"padding:5%;\" class=\"lshowcase-wrap-responsive\"><div data-entry-id=\"4658\" class=\"lshowcase-boxInner\"><a href='https:\/\/lpt.hr\/' target='_blank' ><img data-no-lazy='1' data-original-title='LPT' data-entry-id='4658' src='https:\/\/www.infenso.hr\/oohydsoz\/2020\/06\/logo_lpt-200x72.png'  width='200'  height = '72'  alt='LPT - logo' title='LPT' class='lshowcase-thumb'   \/><\/a><\/div><\/div><\/div><div  data-entry-id='4657' class='lshowcase-thumb lshowcase-lower-opacity lshowcase-tooltip lshowcase-box-6 ls-reference '><div style=\"padding:5%;\" class=\"lshowcase-wrap-responsive\"><div data-entry-id=\"4657\" class=\"lshowcase-boxInner\"><a href='https:\/\/www.haix.com\/hr\/' target='_blank' ><img data-no-lazy='1' data-original-title='HAIX' data-entry-id='4657' src='https:\/\/www.infenso.hr\/oohydsoz\/2017\/01\/haix_logo.png'  width='200'  height = '116'  alt='HAIX - logo' title='HAIX' class='lshowcase-thumb'   \/><\/a><\/div><\/div><\/div><div  data-entry-id='4660' class='lshowcase-thumb lshowcase-lower-opacity lshowcase-tooltip lshowcase-box-6 ls-cdu-iaas ls-reference '><div style=\"padding:5%;\" class=\"lshowcase-wrap-responsive\"><div data-entry-id=\"4660\" class=\"lshowcase-boxInner\"><a href='http:\/\/www.bolnica-cakovec.hr\/' target='_blank' ><img data-no-lazy='1' data-original-title='\u017dupanijska bolnica \u010cakovec' data-entry-id='4660' src='https:\/\/www.infenso.hr\/oohydsoz\/2020\/06\/logo-bolnica-cakovec-3-200x60.png'  width='200'  height = '60'  alt='\u017dupanijska bolnica \u010cakovec' title='\u017dupanijska bolnica \u010cakovec' class='lshowcase-thumb'   \/><\/a><\/div><\/div><\/div><div  data-entry-id='4662' class='lshowcase-thumb lshowcase-lower-opacity lshowcase-tooltip lshowcase-box-6 ls-reference '><div style=\"padding:5%;\" class=\"lshowcase-wrap-responsive\"><div data-entry-id=\"4662\" class=\"lshowcase-boxInner\"><a href='https:\/\/dram.hr\/' target='_blank' ><img data-no-lazy='1' data-original-title='Dr\u017eavni arhiv za Me\u0111imurje' data-entry-id='4662' src='https:\/\/www.infenso.hr\/oohydsoz\/2020\/06\/dram-logo-black-200x123.png'  width='200'  height = '123'  alt='Dr\u017eavni arhiv za Me\u0111imurje' title='Dr\u017eavni arhiv za Me\u0111imurje' class='lshowcase-thumb'   \/><\/a><\/div><\/div><\/div><div  data-entry-id='4664' class='lshowcase-thumb lshowcase-lower-opacity lshowcase-tooltip lshowcase-box-6 ls-reference '><div style=\"padding:5%;\" class=\"lshowcase-wrap-responsive\"><div data-entry-id=\"4664\" class=\"lshowcase-boxInner\"><a href='http:\/\/www.fzoeu.hr\/' target='_blank' ><img data-no-lazy='1' data-original-title='Fond za za\u0161titu okoli\u0161a i energetsku u\u010dinkovitost' data-entry-id='4664' src='https:\/\/www.infenso.hr\/oohydsoz\/2020\/06\/FZOEU-logotip-200x125.png'  width='200'  height = '125'  alt='Fond za za\u0161titu okoli\u0161a i energetsku u\u010dinkovitost' title='Fond za za\u0161titu okoli\u0161a i energetsku u\u010dinkovitost' class='lshowcase-thumb'   \/><\/a><\/div><\/div><\/div><div  data-entry-id='4666' class='lshowcase-thumb lshowcase-lower-opacity lshowcase-tooltip lshowcase-box-6 ls-reference '><div style=\"padding:5%;\" class=\"lshowcase-wrap-responsive\"><div data-entry-id=\"4666\" class=\"lshowcase-boxInner\"><a href='https:\/\/www.e-skole.hr\/' target='_blank' ><img data-no-lazy='1' data-original-title='E-\u0160KOLE' data-entry-id='4666' src='https:\/\/www.infenso.hr\/oohydsoz\/2020\/06\/e_skole_logotip-180x200.png'  width='180'  height = '200'  alt='E-\u0160KOLE' title='E-\u0160KOLE' class='lshowcase-thumb'   \/><\/a><\/div><\/div><\/div><div  data-entry-id='6441' class='lshowcase-thumb lshowcase-lower-opacity lshowcase-tooltip lshowcase-box-6 ls-cdu-iaas ls-reference '><div style=\"padding:5%;\" class=\"lshowcase-wrap-responsive\"><div data-entry-id=\"6441\" class=\"lshowcase-boxInner\"><a href='https:\/\/www.dzck.hr\/' target='_blank' ><img data-no-lazy='1' data-original-title='Dom zdravlja \u010cakovec' data-entry-id='6441' src='https:\/\/www.infenso.hr\/oohydsoz\/2022\/05\/logo-200x35.png'  width='200'  height = '35'  alt='Dom zdravlja \u010cakovec' title='Dom zdravlja \u010cakovec' class='lshowcase-thumb'   \/><\/a><\/div><\/div><\/div><\/div><\/div><div class=\"lshowcase-clear-both\">&nbsp;<\/div>\t\t\t\t<\/div>\n\t\t\t\t<\/div>\n\t\t\t\t\t<\/div>\n\t\t<\/div>\n\t\t\t\t\t<\/div>\n\t\t<\/section>\n\t\t\t\t<\/div>\n\t\t","protected":false},"excerpt":{"rendered":"<p>Office: Technology Innovation Center Me\u0111imurje (TICM), Bana Josipa Jela\u010di\u0107a 22c, \u010cakovece-mail: info@infenso.hrphone: +385 40 499 413Office Zagreb: GLM Digital d.o.o. (GLM),\u00a0Avenija Dubrovnik 15, ZagrebZICER uredi\u00a0 &nbsp; Contact &nbsp;<\/p>\n","protected":false},"author":161,"featured_media":4709,"parent":0,"menu_order":0,"comment_status":"closed","ping_status":"closed","template":"","meta":{"footnotes":""},"class_list":["post-4707","page","type-page","status-publish","has-post-thumbnail","hentry"],"yoast_head":"\n<title>Contact | Infenso<\/title>\n<meta name=\"description\" content=\"Office: Technology Innovation Center Me\u0111imurje (TICM) | Bana Josipa Jela\u010di\u0107a 22c, \u010cakovec | e-mail: info@infenso.hr | Phone: +385 40 499 413\" \/>\n<meta name=\"robots\" content=\"index, follow, max-snippet:-1, max-image-preview:large, max-video-preview:-1\" \/>\n<link rel=\"canonical\" href=\"https:\/\/www.infenso.hr\/en\/contact\/\" \/>\n<meta property=\"og:locale\" content=\"en_US\" \/>\n<meta property=\"og:type\" content=\"article\" \/>\n<meta property=\"og:title\" content=\"Contact | Infenso\" \/>\n<meta property=\"og:description\" content=\"Office: Technology Innovation Center Me\u0111imurje (TICM) | Bana Josipa Jela\u010di\u0107a 22c, \u010cakovec | e-mail: info@infenso.hr | Phone: +385 40 499 413\" \/>\n<meta property=\"og:url\" content=\"https:\/\/www.infenso.hr\/en\/contact\/\" \/>\n<meta property=\"og:site_name\" content=\"Infenso\" \/>\n<meta property=\"article:publisher\" content=\"https:\/\/www.facebook.com\/Infenso.hr\" \/>\n<meta property=\"article:modified_time\" content=\"2020-10-20T09:27:10+00:00\" \/>\n<meta property=\"og:image\" content=\"https:\/\/www.infenso.hr\/oohydsoz\/2015\/04\/infenso_logo_2015_web.jpg\" \/>\n\t<meta property=\"og:image:width\" content=\"3502\" \/>\n\t<meta property=\"og:image:height\" content=\"801\" \/>\n\t<meta property=\"og:image:type\" content=\"image\/jpeg\" \/>\n<script type=\"application\/ld+json\" class=\"yoast-schema-graph\">{\"@context\":\"https:\\\/\\\/schema.org\",\"@graph\":[{\"@type\":\"WebPage\",\"@id\":\"https:\\\/\\\/www.infenso.hr\\\/en\\\/contact\\\/\",\"url\":\"https:\\\/\\\/www.infenso.hr\\\/en\\\/contact\\\/\",\"name\":\"Contact | Infenso\",\"isPartOf\":{\"@id\":\"https:\\\/\\\/www.infenso.hr\\\/#website\"},\"primaryImageOfPage\":{\"@id\":\"https:\\\/\\\/www.infenso.hr\\\/en\\\/contact\\\/#primaryimage\"},\"image\":{\"@id\":\"https:\\\/\\\/www.infenso.hr\\\/en\\\/contact\\\/#primaryimage\"},\"thumbnailUrl\":\"https:\\\/\\\/www.infenso.hr\\\/wp-content\\\/uploads\\\/2015\\\/04\\\/infenso_logo_2015_web.jpg\",\"datePublished\":\"2020-06-15T10:23:19+00:00\",\"dateModified\":\"2020-10-20T09:27:10+00:00\",\"description\":\"Office: Technology Innovation Center Me\u0111imurje (TICM) | Bana Josipa Jela\u010di\u0107a 22c, \u010cakovec | e-mail: info@infenso.hr | Phone: +385 40 499 413\",\"breadcrumb\":{\"@id\":\"https:\\\/\\\/www.infenso.hr\\\/en\\\/contact\\\/#breadcrumb\"},\"inLanguage\":\"en-US\",\"potentialAction\":[{\"@type\":\"ReadAction\",\"target\":[\"https:\\\/\\\/www.infenso.hr\\\/en\\\/contact\\\/\"]}]},{\"@type\":\"ImageObject\",\"inLanguage\":\"en-US\",\"@id\":\"https:\\\/\\\/www.infenso.hr\\\/en\\\/contact\\\/#primaryimage\",\"url\":\"https:\\\/\\\/www.infenso.hr\\\/wp-content\\\/uploads\\\/2015\\\/04\\\/infenso_logo_2015_web.jpg\",\"contentUrl\":\"https:\\\/\\\/www.infenso.hr\\\/wp-content\\\/uploads\\\/2015\\\/04\\\/infenso_logo_2015_web.jpg\",\"width\":3502,\"height\":801,\"caption\":\"infenso digital agency\"},{\"@type\":\"BreadcrumbList\",\"@id\":\"https:\\\/\\\/www.infenso.hr\\\/en\\\/contact\\\/#breadcrumb\",\"itemListElement\":[{\"@type\":\"ListItem\",\"position\":1,\"name\":\"Naslovnica\",\"item\":\"https:\\\/\\\/www.infenso.hr\\\/en\\\/infenso\\\/\"},{\"@type\":\"ListItem\",\"position\":2,\"name\":\"Contact\"}]},{\"@type\":\"WebSite\",\"@id\":\"https:\\\/\\\/www.infenso.hr\\\/#website\",\"url\":\"https:\\\/\\\/www.infenso.hr\\\/\",\"name\":\"Infenso\",\"description\":\"Va\u0161 partner za digitalno doba\",\"potentialAction\":[{\"@type\":\"SearchAction\",\"target\":{\"@type\":\"EntryPoint\",\"urlTemplate\":\"https:\\\/\\\/www.infenso.hr\\\/?s={search_term_string}\"},\"query-input\":{\"@type\":\"PropertyValueSpecification\",\"valueRequired\":true,\"valueName\":\"search_term_string\"}}],\"inLanguage\":\"en-US\"}]}<\/script>\n","yoast_head_json":{"title":"Contact | Infenso","description":"Office: Technology Innovation Center Me\u0111imurje (TICM) | Bana Josipa Jela\u010di\u0107a 22c, \u010cakovec | e-mail: info@infenso.hr | Phone: +385 40 499 413","robots":{"index":"index","follow":"follow","max-snippet":"max-snippet:-1","max-image-preview":"max-image-preview:large","max-video-preview":"max-video-preview:-1"},"canonical":"https:\/\/www.infenso.hr\/en\/contact\/","og_locale":"en_US","og_type":"article","og_title":"Contact | Infenso","og_description":"Office: Technology Innovation Center Me\u0111imurje (TICM) | Bana Josipa Jela\u010di\u0107a 22c, \u010cakovec | e-mail: info@infenso.hr | Phone: +385 40 499 413","og_url":"https:\/\/www.infenso.hr\/en\/contact\/","og_site_name":"Infenso","article_publisher":"https:\/\/www.facebook.com\/Infenso.hr","article_modified_time":"2020-10-20T09:27:10+00:00","og_image":[{"width":3502,"height":801,"url":"https:\/\/www.infenso.hr\/oohydsoz\/2015\/04\/infenso_logo_2015_web.jpg","type":"image\/jpeg"}],"schema":{"@context":"https:\/\/schema.org","@graph":[{"@type":"WebPage","@id":"https:\/\/www.infenso.hr\/en\/contact\/","url":"https:\/\/www.infenso.hr\/en\/contact\/","name":"Contact | Infenso","isPartOf":{"@id":"https:\/\/www.infenso.hr\/#website"},"primaryImageOfPage":{"@id":"https:\/\/www.infenso.hr\/en\/contact\/#primaryimage"},"image":{"@id":"https:\/\/www.infenso.hr\/en\/contact\/#primaryimage"},"thumbnailUrl":"https:\/\/www.infenso.hr\/oohydsoz\/2015\/04\/infenso_logo_2015_web.jpg","datePublished":"2020-06-15T10:23:19+00:00","dateModified":"2020-10-20T09:27:10+00:00","description":"Office: Technology Innovation Center Me\u0111imurje (TICM) | Bana Josipa Jela\u010di\u0107a 22c, \u010cakovec | e-mail: info@infenso.hr | Phone: +385 40 499 413","breadcrumb":{"@id":"https:\/\/www.infenso.hr\/en\/contact\/#breadcrumb"},"inLanguage":"en-US","potentialAction":[{"@type":"ReadAction","target":["https:\/\/www.infenso.hr\/en\/contact\/"]}]},{"@type":"ImageObject","inLanguage":"en-US","@id":"https:\/\/www.infenso.hr\/en\/contact\/#primaryimage","url":"https:\/\/www.infenso.hr\/oohydsoz\/2015\/04\/infenso_logo_2015_web.jpg","contentUrl":"https:\/\/www.infenso.hr\/oohydsoz\/2015\/04\/infenso_logo_2015_web.jpg","width":3502,"height":801,"caption":"infenso digital agency"},{"@type":"BreadcrumbList","@id":"https:\/\/www.infenso.hr\/en\/contact\/#breadcrumb","itemListElement":[{"@type":"ListItem","position":1,"name":"Naslovnica","item":"https:\/\/www.infenso.hr\/en\/infenso\/"},{"@type":"ListItem","position":2,"name":"Contact"}]},{"@type":"WebSite","@id":"https:\/\/www.infenso.hr\/#website","url":"https:\/\/www.infenso.hr\/","name":"Infenso","description":"Va\u0161 partner za digitalno doba","potentialAction":[{"@type":"SearchAction","target":{"@type":"EntryPoint","urlTemplate":"https:\/\/www.infenso.hr\/?s={search_term_string}"},"query-input":{"@type":"PropertyValueSpecification","valueRequired":true,"valueName":"search_term_string"}}],"inLanguage":"en-US"}]}},"_links":{"self":[{"href":"https:\/\/www.infenso.hr\/en\/wp-json\/wp\/v2\/pages\/4707","targetHints":{"allow":["GET"]}}],"collection":[{"href":"https:\/\/www.infenso.hr\/en\/wp-json\/wp\/v2\/pages"}],"about":[{"href":"https:\/\/www.infenso.hr\/en\/wp-json\/wp\/v2\/types\/page"}],"author":[{"embeddable":true,"href":"https:\/\/www.infenso.hr\/en\/wp-json\/wp\/v2\/users\/161"}],"replies":[{"embeddable":true,"href":"https:\/\/www.infenso.hr\/en\/wp-json\/wp\/v2\/comments?post=4707"}],"version-history":[{"count":6,"href":"https:\/\/www.infenso.hr\/en\/wp-json\/wp\/v2\/pages\/4707\/revisions"}],"predecessor-version":[{"id":5032,"href":"https:\/\/www.infenso.hr\/en\/wp-json\/wp\/v2\/pages\/4707\/revisions\/5032"}],"wp:featuredmedia":[{"embeddable":true,"href":"https:\/\/www.infenso.hr\/en\/wp-json\/wp\/v2\/media\/4709"}],"wp:attachment":[{"href":"https:\/\/www.infenso.hr\/en\/wp-json\/wp\/v2\/media?parent=4707"}],"curies":[{"name":"wp","href":"https:\/\/api.w.org\/{rel}","templated":true}]}}