{"id":4728,"date":"2020-06-15T11:02:40","date_gmt":"2020-06-15T10:02:40","guid":{"rendered":"https:\/\/www.infenso.hr\/internet-of-things\/"},"modified":"2020-06-26T10:51:04","modified_gmt":"2020-06-26T09:51:04","slug":"internet-of-things","status":"publish","type":"page","link":"https:\/\/www.infenso.hr\/en\/internet-of-things\/","title":{"rendered":"Internet of things"},"content":{"rendered":"\t\t<div data-elementor-type=\"wp-page\" data-elementor-id=\"4728\" class=\"elementor elementor-4728 elementor-4519\">\n\t\t\t\t\t\t<section class=\"elementor-section elementor-top-section elementor-element elementor-element-92dd0ef elementor-section-content-middle elementor-section-boxed elementor-section-height-default elementor-section-height-default\" data-id=\"92dd0ef\" data-element_type=\"section\">\n\t\t\t\t\t\t<div class=\"elementor-container elementor-column-gap-no\">\n\t\t\t\t\t<div class=\"elementor-column elementor-col-100 elementor-top-column elementor-element elementor-element-1b164fd\" data-id=\"1b164fd\" data-element_type=\"column\" data-settings=\"{&quot;background_background&quot;:&quot;classic&quot;}\">\n\t\t\t<div class=\"elementor-widget-wrap elementor-element-populated\">\n\t\t\t\t\t\t<div class=\"elementor-element elementor-element-0bc78f1 elementor-widget elementor-widget-heading\" data-id=\"0bc78f1\" data-element_type=\"widget\" data-widget_type=\"heading.default\">\n\t\t\t\t<div class=\"elementor-widget-container\">\n\t\t\t\t\t<h1 class=\"elementor-heading-title elementor-size-default\"><span style=\"background-color: #FFFFff\"> &nbsp; Internet of things &nbsp; <\/span><\/h1>\t\t\t\t<\/div>\n\t\t\t\t<\/div>\n\t\t\t\t\t<\/div>\n\t\t<\/div>\n\t\t\t\t\t<\/div>\n\t\t<\/section>\n\t\t\t\t<section class=\"elementor-section elementor-top-section elementor-element elementor-element-c48085b elementor-section-boxed elementor-section-height-default elementor-section-height-default\" data-id=\"c48085b\" data-element_type=\"section\">\n\t\t\t\t\t\t<div class=\"elementor-container elementor-column-gap-no\">\n\t\t\t\t\t<div class=\"elementor-column elementor-col-50 elementor-top-column elementor-element elementor-element-c696a9b\" data-id=\"c696a9b\" data-element_type=\"column\">\n\t\t\t<div class=\"elementor-widget-wrap elementor-element-populated\">\n\t\t\t\t\t\t<div class=\"elementor-element elementor-element-a0f8f63 elementor-widget elementor-widget-image\" data-id=\"a0f8f63\" data-element_type=\"widget\" data-widget_type=\"image.default\">\n\t\t\t\t<div class=\"elementor-widget-container\">\n\t\t\t\t\t\t\t\t\t\t\t\t\t\t\t<img fetchpriority=\"high\" decoding=\"async\" width=\"260\" height=\"340\" src=\"https:\/\/www.infenso.hr\/oohydsoz\/2019\/09\/illustration_pic.png\" class=\"attachment-large size-large wp-image-4730\" alt=\"Infenso Internet of things\" srcset=\"https:\/\/www.infenso.hr\/oohydsoz\/2019\/09\/illustration_pic.png 260w, https:\/\/www.infenso.hr\/oohydsoz\/2019\/09\/illustration_pic-229x300.png 229w, https:\/\/www.infenso.hr\/oohydsoz\/2019\/09\/illustration_pic-153x200.png 153w\" sizes=\"(max-width: 260px) 100vw, 260px\" \/>\t\t\t\t\t\t\t\t\t\t\t\t\t\t\t<\/div>\n\t\t\t\t<\/div>\n\t\t\t\t\t<\/div>\n\t\t<\/div>\n\t\t\t\t<div class=\"elementor-column elementor-col-50 elementor-top-column elementor-element elementor-element-b9e23dd\" data-id=\"b9e23dd\" data-element_type=\"column\" data-settings=\"{&quot;background_background&quot;:&quot;classic&quot;}\">\n\t\t\t<div class=\"elementor-widget-wrap elementor-element-populated\">\n\t\t\t\t\t\t<div class=\"elementor-element elementor-element-04f2294 elementor-widget elementor-widget-text-editor\" data-id=\"04f2294\" data-element_type=\"widget\" data-widget_type=\"text-editor.default\">\n\t\t\t\t<div class=\"elementor-widget-container\">\n\t\t\t\t\t\t\t\t\t<h3>IoT IS THE INFRASTRUCTURE OF THE FUTURE<\/h3>\n<p>Smart solutions in cities and households are playing an increasingly important role in our lives.<br \/>The Internet of Things \u2013 a network of information, devices and people is a new infrastructural basis for social and economic development.<br \/>Infenso d.o.o. is a regional partner of <a href=\"https:\/\/www.iotnet.hr\/\">IoT Net Adria d.o.o.<\/a> (Croatian partner of SIGFOX), the leading global service provider for connecting devices (IoT \u2013 Internet of things).<\/p>\n<p><a href=\"https:\/\/www.sigfox.com\/en\"><b>SIGFOX<\/b><\/a> low-energy broadband wireless technology (<b>LPWA<\/b>) is present in over 30 countries worldwide. It reduces the costand power consumption required to securely connect devices to (<i>cloud<\/i>). The network can be applied in various domains: industrial production, agriculture, health, transport, building management, environmental protection\u2026<\/p>\n<p>The goal of IoT Net Adria d.o.o. is to develop the first national network of Internet of Things in Croatia as a part of the global Sigfox network and the creation of an environment that will encourage companies and individuals to get involved in the development of IoT software that works on Sigfox technology.<\/p>\n\t\t\t\t\t\t\t\t<\/div>\n\t\t\t\t<\/div>\n\t\t\t\t\t<\/div>\n\t\t<\/div>\n\t\t\t\t\t<\/div>\n\t\t<\/section>\n\t\t\t\t<section class=\"elementor-section elementor-top-section elementor-element elementor-element-f087d3b elementor-section-boxed elementor-section-height-default elementor-section-height-default\" data-id=\"f087d3b\" data-element_type=\"section\">\n\t\t\t\t\t\t<div class=\"elementor-container elementor-column-gap-default\">\n\t\t\t\t\t<div class=\"elementor-column elementor-col-33 elementor-top-column elementor-element elementor-element-37dee4c\" data-id=\"37dee4c\" data-element_type=\"column\">\n\t\t\t<div class=\"elementor-widget-wrap elementor-element-populated\">\n\t\t\t\t\t\t<div class=\"elementor-element elementor-element-68ad0d2 elementor-view-framed elementor-shape-circle elementor-position-block-start elementor-mobile-position-block-start elementor-widget elementor-widget-icon-box\" data-id=\"68ad0d2\" data-element_type=\"widget\" data-widget_type=\"icon-box.default\">\n\t\t\t\t<div class=\"elementor-widget-container\">\n\t\t\t\t\t\t\t<div class=\"elementor-icon-box-wrapper\">\n\n\t\t\t\t\t\t<div class=\"elementor-icon-box-icon\">\n\t\t\t\t<span  class=\"elementor-icon\">\n\t\t\t\t<i aria-hidden=\"true\" class=\"fas fa-satellite-dish\"><\/i>\t\t\t\t<\/span>\n\t\t\t<\/div>\n\t\t\t\n\t\t\t\t\t\t<div class=\"elementor-icon-box-content\">\n\n\t\t\t\t\t\t\t\t\t<h3 class=\"elementor-icon-box-title\">\n\t\t\t\t\t\t<span  >\n\t\t\t\t\t\t\tIoT Network\t\t\t\t\t\t<\/span>\n\t\t\t\t\t<\/h3>\n\t\t\t\t\n\t\t\t\t\t\t\t\t\t<p class=\"elementor-icon-box-description\">\n\t\t\t\t\t\tReduces the cost and power consumption required to securely connect devices in the <i>cloud<\/i>. The network is applicable in production, agriculture, health, transport, building management, environmental protection\u2026\t\t\t\t\t<\/p>\n\t\t\t\t\n\t\t\t<\/div>\n\t\t\t\n\t\t<\/div>\n\t\t\t\t\t\t<\/div>\n\t\t\t\t<\/div>\n\t\t\t\t\t<\/div>\n\t\t<\/div>\n\t\t\t\t<div class=\"elementor-column elementor-col-33 elementor-top-column elementor-element elementor-element-9c350ca\" data-id=\"9c350ca\" data-element_type=\"column\">\n\t\t\t<div class=\"elementor-widget-wrap elementor-element-populated\">\n\t\t\t\t\t\t<div class=\"elementor-element elementor-element-cdae410 elementor-view-framed elementor-shape-circle elementor-position-block-start elementor-mobile-position-block-start elementor-widget elementor-widget-icon-box\" data-id=\"cdae410\" data-element_type=\"widget\" data-widget_type=\"icon-box.default\">\n\t\t\t\t<div class=\"elementor-widget-container\">\n\t\t\t\t\t\t\t<div class=\"elementor-icon-box-wrapper\">\n\n\t\t\t\t\t\t<div class=\"elementor-icon-box-icon\">\n\t\t\t\t<span  class=\"elementor-icon\">\n\t\t\t\t<i aria-hidden=\"true\" class=\"fas fa-city\"><\/i>\t\t\t\t<\/span>\n\t\t\t<\/div>\n\t\t\t\n\t\t\t\t\t\t<div class=\"elementor-icon-box-content\">\n\n\t\t\t\t\t\t\t\t\t<h3 class=\"elementor-icon-box-title\">\n\t\t\t\t\t\t<span  >\n\t\t\t\t\t\t\tSmart Cities\t\t\t\t\t\t<\/span>\n\t\t\t\t\t<\/h3>\n\t\t\t\t\n\t\t\t\t\t\t\t\t\t<p class=\"elementor-icon-box-description\">\n\t\t\t\t\t\tCities face a number of challenges that require monitoring of large sets of interrelated effects. The Internet of Things makes it easier to track and effectively measure these effects, making it easier to manage a city. \t\t\t\t\t<\/p>\n\t\t\t\t\n\t\t\t<\/div>\n\t\t\t\n\t\t<\/div>\n\t\t\t\t\t\t<\/div>\n\t\t\t\t<\/div>\n\t\t\t\t\t<\/div>\n\t\t<\/div>\n\t\t\t\t<div class=\"elementor-column elementor-col-33 elementor-top-column elementor-element elementor-element-846db5e\" data-id=\"846db5e\" data-element_type=\"column\">\n\t\t\t<div class=\"elementor-widget-wrap elementor-element-populated\">\n\t\t\t\t\t\t<div class=\"elementor-element elementor-element-37cd731 elementor-view-framed elementor-shape-circle elementor-position-block-start elementor-mobile-position-block-start elementor-widget elementor-widget-icon-box\" data-id=\"37cd731\" data-element_type=\"widget\" data-widget_type=\"icon-box.default\">\n\t\t\t\t<div class=\"elementor-widget-container\">\n\t\t\t\t\t\t\t<div class=\"elementor-icon-box-wrapper\">\n\n\t\t\t\t\t\t<div class=\"elementor-icon-box-icon\">\n\t\t\t\t<span  class=\"elementor-icon\">\n\t\t\t\t<i aria-hidden=\"true\" class=\"fas fa-home\"><\/i>\t\t\t\t<\/span>\n\t\t\t<\/div>\n\t\t\t\n\t\t\t\t\t\t<div class=\"elementor-icon-box-content\">\n\n\t\t\t\t\t\t\t\t\t<h3 class=\"elementor-icon-box-title\">\n\t\t\t\t\t\t<span  >\n\t\t\t\t\t\t\tSmart Home\t\t\t\t\t\t<\/span>\n\t\t\t\t\t<\/h3>\n\t\t\t\t\n\t\t\t\t\t\t\t\t\t<p class=\"elementor-icon-box-description\">\n\t\t\t\t\t\t<i>Smart home<\/i> tech helps in management and security of your household. The Internet of Things simplifies management of energy consumption, temperature regulation and remote monitoring via mobile devices as much as possible.\t\t\t\t\t<\/p>\n\t\t\t\t\n\t\t\t<\/div>\n\t\t\t\n\t\t<\/div>\n\t\t\t\t\t\t<\/div>\n\t\t\t\t<\/div>\n\t\t\t\t\t<\/div>\n\t\t<\/div>\n\t\t\t\t\t<\/div>\n\t\t<\/section>\n\t\t\t\t<section class=\"elementor-section elementor-top-section elementor-element elementor-element-7c0a22d elementor-section-boxed elementor-section-height-default elementor-section-height-default\" data-id=\"7c0a22d\" data-element_type=\"section\">\n\t\t\t\t\t\t<div class=\"elementor-container elementor-column-gap-default\">\n\t\t\t\t\t<div class=\"elementor-column elementor-col-100 elementor-top-column elementor-element elementor-element-c9bf032\" data-id=\"c9bf032\" data-element_type=\"column\">\n\t\t\t<div class=\"elementor-widget-wrap elementor-element-populated\">\n\t\t\t\t\t\t<div class=\"elementor-element elementor-element-bfda64e elementor-align-center elementor-widget elementor-widget-button\" data-id=\"bfda64e\" data-element_type=\"widget\" data-widget_type=\"button.default\">\n\t\t\t\t<div class=\"elementor-widget-container\">\n\t\t\t\t\t\t\t\t\t<div class=\"elementor-button-wrapper\">\n\t\t\t\t\t<a class=\"elementor-button elementor-button-link elementor-size-lg\" href=\"https:\/\/www.infenso.hr\/en\/ask_for_an_offer\/\">\n\t\t\t\t\t\t<span class=\"elementor-button-content-wrapper\">\n\t\t\t\t\t\t\t\t\t<span class=\"elementor-button-text\">Ask for an offer<\/span>\n\t\t\t\t\t<\/span>\n\t\t\t\t\t<\/a>\n\t\t\t\t<\/div>\n\t\t\t\t\t\t\t\t<\/div>\n\t\t\t\t<\/div>\n\t\t\t\t\t<\/div>\n\t\t<\/div>\n\t\t\t\t\t<\/div>\n\t\t<\/section>\n\t\t\t\t<section class=\"elementor-section elementor-top-section elementor-element elementor-element-79d35faf elementor-section-full_width elementor-section-content-middle elementor-section-height-default elementor-section-height-default\" data-id=\"79d35faf\" data-element_type=\"section\" data-settings=\"{&quot;background_background&quot;:&quot;classic&quot;}\">\n\t\t\t\t\t\t<div class=\"elementor-container elementor-column-gap-default\">\n\t\t\t\t\t<div class=\"elementor-column elementor-col-100 elementor-top-column elementor-element elementor-element-1407378\" data-id=\"1407378\" data-element_type=\"column\">\n\t\t\t<div class=\"elementor-widget-wrap elementor-element-populated\">\n\t\t\t\t\t\t<div class=\"elementor-element elementor-element-7663d2cc elementor-widget elementor-widget-wp-widget-lshowcase_widget\" data-id=\"7663d2cc\" data-element_type=\"widget\" data-widget_type=\"wp-widget-lshowcase_widget.default\">\n\t\t\t\t<div class=\"elementor-widget-container\">\n\t\t\t\t\t<div class=\"lshowcase-clear-both\">&nbsp;<\/div><div class=\"lshowcase-logos \"><div class='lshowcase-flex' ><div  data-entry-id='5396' class='lshowcase-thumb lshowcase-lower-opacity lshowcase-tooltip lshowcase-box-6 ls-reference '><div style=\"padding:5%;\" class=\"lshowcase-wrap-responsive\"><div data-entry-id=\"5396\" class=\"lshowcase-boxInner\"><a href='https:\/\/razvoj.gov.hr\/' target='_blank' ><img data-no-lazy='1' data-original-title='Ministarstvo regionalnoga razvoja i fondova Europske unije' data-entry-id='5396' src='https:\/\/www.infenso.hr\/oohydsoz\/2021\/03\/mu_logo-200x35.png'  width='200'  height = '35'  alt='Ministarstvo regionalnoga razvoja - logo' title='Ministarstvo regionalnoga razvoja i fondova Europske unije' class='lshowcase-thumb'   \/><\/a><\/div><\/div><\/div><div  data-entry-id='4658' class='lshowcase-thumb lshowcase-lower-opacity lshowcase-tooltip lshowcase-box-6 ls-reference '><div style=\"padding:5%;\" class=\"lshowcase-wrap-responsive\"><div data-entry-id=\"4658\" class=\"lshowcase-boxInner\"><a href='https:\/\/lpt.hr\/' target='_blank' ><img data-no-lazy='1' data-original-title='LPT' data-entry-id='4658' src='https:\/\/www.infenso.hr\/oohydsoz\/2020\/06\/logo_lpt-200x72.png'  width='200'  height = '72'  alt='LPT - logo' title='LPT' class='lshowcase-thumb'   \/><\/a><\/div><\/div><\/div><div  data-entry-id='4657' class='lshowcase-thumb lshowcase-lower-opacity lshowcase-tooltip lshowcase-box-6 ls-reference '><div style=\"padding:5%;\" class=\"lshowcase-wrap-responsive\"><div data-entry-id=\"4657\" class=\"lshowcase-boxInner\"><a href='https:\/\/www.haix.com\/hr\/' target='_blank' ><img data-no-lazy='1' data-original-title='HAIX' data-entry-id='4657' src='https:\/\/www.infenso.hr\/oohydsoz\/2017\/01\/haix_logo.png'  width='200'  height = '116'  alt='HAIX - logo' title='HAIX' class='lshowcase-thumb'   \/><\/a><\/div><\/div><\/div><div  data-entry-id='4660' class='lshowcase-thumb lshowcase-lower-opacity lshowcase-tooltip lshowcase-box-6 ls-cdu-iaas ls-reference '><div style=\"padding:5%;\" class=\"lshowcase-wrap-responsive\"><div data-entry-id=\"4660\" class=\"lshowcase-boxInner\"><a href='http:\/\/www.bolnica-cakovec.hr\/' target='_blank' ><img data-no-lazy='1' data-original-title='\u017dupanijska bolnica \u010cakovec' data-entry-id='4660' src='https:\/\/www.infenso.hr\/oohydsoz\/2020\/06\/logo-bolnica-cakovec-3-200x60.png'  width='200'  height = '60'  alt='\u017dupanijska bolnica \u010cakovec' title='\u017dupanijska bolnica \u010cakovec' class='lshowcase-thumb'   \/><\/a><\/div><\/div><\/div><div  data-entry-id='4662' class='lshowcase-thumb lshowcase-lower-opacity lshowcase-tooltip lshowcase-box-6 ls-reference '><div style=\"padding:5%;\" class=\"lshowcase-wrap-responsive\"><div data-entry-id=\"4662\" class=\"lshowcase-boxInner\"><a href='https:\/\/dram.hr\/' target='_blank' ><img data-no-lazy='1' data-original-title='Dr\u017eavni arhiv za Me\u0111imurje' data-entry-id='4662' src='https:\/\/www.infenso.hr\/oohydsoz\/2020\/06\/dram-logo-black-200x123.png'  width='200'  height = '123'  alt='Dr\u017eavni arhiv za Me\u0111imurje' title='Dr\u017eavni arhiv za Me\u0111imurje' class='lshowcase-thumb'   \/><\/a><\/div><\/div><\/div><div  data-entry-id='4664' class='lshowcase-thumb lshowcase-lower-opacity lshowcase-tooltip lshowcase-box-6 ls-reference '><div style=\"padding:5%;\" class=\"lshowcase-wrap-responsive\"><div data-entry-id=\"4664\" class=\"lshowcase-boxInner\"><a href='http:\/\/www.fzoeu.hr\/' target='_blank' ><img data-no-lazy='1' data-original-title='Fond za za\u0161titu okoli\u0161a i energetsku u\u010dinkovitost' data-entry-id='4664' src='https:\/\/www.infenso.hr\/oohydsoz\/2020\/06\/FZOEU-logotip-200x125.png'  width='200'  height = '125'  alt='Fond za za\u0161titu okoli\u0161a i energetsku u\u010dinkovitost' title='Fond za za\u0161titu okoli\u0161a i energetsku u\u010dinkovitost' class='lshowcase-thumb'   \/><\/a><\/div><\/div><\/div><div  data-entry-id='4666' class='lshowcase-thumb lshowcase-lower-opacity lshowcase-tooltip lshowcase-box-6 ls-reference '><div style=\"padding:5%;\" class=\"lshowcase-wrap-responsive\"><div data-entry-id=\"4666\" class=\"lshowcase-boxInner\"><a href='https:\/\/www.e-skole.hr\/' target='_blank' ><img data-no-lazy='1' data-original-title='E-\u0160KOLE' data-entry-id='4666' src='https:\/\/www.infenso.hr\/oohydsoz\/2020\/06\/e_skole_logotip-180x200.png'  width='180'  height = '200'  alt='E-\u0160KOLE' title='E-\u0160KOLE' class='lshowcase-thumb'   \/><\/a><\/div><\/div><\/div><div  data-entry-id='6441' class='lshowcase-thumb lshowcase-lower-opacity lshowcase-tooltip lshowcase-box-6 ls-cdu-iaas ls-reference '><div style=\"padding:5%;\" class=\"lshowcase-wrap-responsive\"><div data-entry-id=\"6441\" class=\"lshowcase-boxInner\"><a href='https:\/\/www.dzck.hr\/' target='_blank' ><img data-no-lazy='1' data-original-title='Dom zdravlja \u010cakovec' data-entry-id='6441' src='https:\/\/www.infenso.hr\/oohydsoz\/2022\/05\/logo-200x35.png'  width='200'  height = '35'  alt='Dom zdravlja \u010cakovec' title='Dom zdravlja \u010cakovec' class='lshowcase-thumb'   \/><\/a><\/div><\/div><\/div><\/div><\/div><div class=\"lshowcase-clear-both\">&nbsp;<\/div>\t\t\t\t<\/div>\n\t\t\t\t<\/div>\n\t\t\t\t\t<\/div>\n\t\t<\/div>\n\t\t\t\t\t<\/div>\n\t\t<\/section>\n\t\t\t\t<\/div>\n\t\t","protected":false},"excerpt":{"rendered":"<p>\u00a0 Internet of things IoT IS THE INFRASTRUCTURE OF THE FUTURE Smart solutions in cities and households are playing an increasingly important role in our lives. The Internet of Things \u2013 a network of information, devices and people is a new infrastructural basis for social and economic development. Infenso d.o.o. is a regional partner of [&hellip;]<\/p>\n","protected":false},"author":161,"featured_media":4719,"parent":0,"menu_order":0,"comment_status":"closed","ping_status":"closed","template":"elementor_header_footer","meta":{"footnotes":""},"class_list":["post-4728","page","type-page","status-publish","has-post-thumbnail","hentry"],"yoast_head":"\n<title>Internet of things | Infenso | Smart cities and smart homes<\/title>\n<meta name=\"description\" content=\"Smart solutions in cities and households are playing an increasingly important role in our lives. The network of people, devices and information is a new infrastructural basis for development.\" \/>\n<meta name=\"robots\" content=\"index, follow, max-snippet:-1, max-image-preview:large, max-video-preview:-1\" \/>\n<link rel=\"canonical\" href=\"https:\/\/www.infenso.hr\/en\/internet-of-things\/\" \/>\n<meta property=\"og:locale\" content=\"en_US\" \/>\n<meta property=\"og:type\" content=\"article\" \/>\n<meta property=\"og:title\" content=\"Internet of things | Infenso | Smart cities and smart homes\" \/>\n<meta property=\"og:description\" content=\"Smart solutions in cities and households are playing an increasingly important role in our lives. The network of people, devices and information is a new infrastructural basis for development.\" \/>\n<meta property=\"og:url\" content=\"https:\/\/www.infenso.hr\/en\/internet-of-things\/\" \/>\n<meta property=\"og:site_name\" content=\"Infenso\" \/>\n<meta property=\"article:publisher\" content=\"https:\/\/www.facebook.com\/Infenso.hr\" \/>\n<meta property=\"article:modified_time\" content=\"2020-06-26T09:51:04+00:00\" \/>\n<meta property=\"og:image\" content=\"https:\/\/www.infenso.hr\/oohydsoz\/2019\/09\/network_solutions.png\" \/>\n\t<meta property=\"og:image:width\" content=\"275\" \/>\n\t<meta property=\"og:image:height\" content=\"340\" \/>\n\t<meta property=\"og:image:type\" content=\"image\/png\" \/>\n<meta name=\"twitter:label1\" content=\"Est. reading time\" \/>\n\t<meta name=\"twitter:data1\" content=\"1 minute\" \/>\n<script type=\"application\/ld+json\" class=\"yoast-schema-graph\">{\"@context\":\"https:\\\/\\\/schema.org\",\"@graph\":[{\"@type\":\"WebPage\",\"@id\":\"https:\\\/\\\/www.infenso.hr\\\/en\\\/internet-of-things\\\/\",\"url\":\"https:\\\/\\\/www.infenso.hr\\\/en\\\/internet-of-things\\\/\",\"name\":\"Internet of things | Infenso | Smart cities and smart homes\",\"isPartOf\":{\"@id\":\"https:\\\/\\\/www.infenso.hr\\\/#website\"},\"primaryImageOfPage\":{\"@id\":\"https:\\\/\\\/www.infenso.hr\\\/en\\\/internet-of-things\\\/#primaryimage\"},\"image\":{\"@id\":\"https:\\\/\\\/www.infenso.hr\\\/en\\\/internet-of-things\\\/#primaryimage\"},\"thumbnailUrl\":\"https:\\\/\\\/www.infenso.hr\\\/wp-content\\\/uploads\\\/2019\\\/09\\\/network_solutions.png\",\"datePublished\":\"2020-06-15T10:02:40+00:00\",\"dateModified\":\"2020-06-26T09:51:04+00:00\",\"description\":\"Smart solutions in cities and households are playing an increasingly important role in our lives. The network of people, devices and information is a new infrastructural basis for development.\",\"breadcrumb\":{\"@id\":\"https:\\\/\\\/www.infenso.hr\\\/en\\\/internet-of-things\\\/#breadcrumb\"},\"inLanguage\":\"en-US\",\"potentialAction\":[{\"@type\":\"ReadAction\",\"target\":[\"https:\\\/\\\/www.infenso.hr\\\/en\\\/internet-of-things\\\/\"]}]},{\"@type\":\"ImageObject\",\"inLanguage\":\"en-US\",\"@id\":\"https:\\\/\\\/www.infenso.hr\\\/en\\\/internet-of-things\\\/#primaryimage\",\"url\":\"https:\\\/\\\/www.infenso.hr\\\/wp-content\\\/uploads\\\/2019\\\/09\\\/network_solutions.png\",\"contentUrl\":\"https:\\\/\\\/www.infenso.hr\\\/wp-content\\\/uploads\\\/2019\\\/09\\\/network_solutions.png\",\"width\":275,\"height\":340,\"caption\":\"network solutions infenso\"},{\"@type\":\"BreadcrumbList\",\"@id\":\"https:\\\/\\\/www.infenso.hr\\\/en\\\/internet-of-things\\\/#breadcrumb\",\"itemListElement\":[{\"@type\":\"ListItem\",\"position\":1,\"name\":\"Naslovnica\",\"item\":\"https:\\\/\\\/www.infenso.hr\\\/en\\\/infenso\\\/\"},{\"@type\":\"ListItem\",\"position\":2,\"name\":\"Internet of things\"}]},{\"@type\":\"WebSite\",\"@id\":\"https:\\\/\\\/www.infenso.hr\\\/#website\",\"url\":\"https:\\\/\\\/www.infenso.hr\\\/\",\"name\":\"Infenso\",\"description\":\"Va\u0161 partner za digitalno doba\",\"potentialAction\":[{\"@type\":\"SearchAction\",\"target\":{\"@type\":\"EntryPoint\",\"urlTemplate\":\"https:\\\/\\\/www.infenso.hr\\\/?s={search_term_string}\"},\"query-input\":{\"@type\":\"PropertyValueSpecification\",\"valueRequired\":true,\"valueName\":\"search_term_string\"}}],\"inLanguage\":\"en-US\"}]}<\/script>\n","yoast_head_json":{"title":"Internet of things | Infenso | Smart cities and smart homes","description":"Smart solutions in cities and households are playing an increasingly important role in our lives. The network of people, devices and information is a new infrastructural basis for development.","robots":{"index":"index","follow":"follow","max-snippet":"max-snippet:-1","max-image-preview":"max-image-preview:large","max-video-preview":"max-video-preview:-1"},"canonical":"https:\/\/www.infenso.hr\/en\/internet-of-things\/","og_locale":"en_US","og_type":"article","og_title":"Internet of things | Infenso | Smart cities and smart homes","og_description":"Smart solutions in cities and households are playing an increasingly important role in our lives. The network of people, devices and information is a new infrastructural basis for development.","og_url":"https:\/\/www.infenso.hr\/en\/internet-of-things\/","og_site_name":"Infenso","article_publisher":"https:\/\/www.facebook.com\/Infenso.hr","article_modified_time":"2020-06-26T09:51:04+00:00","og_image":[{"width":275,"height":340,"url":"https:\/\/www.infenso.hr\/oohydsoz\/2019\/09\/network_solutions.png","type":"image\/png"}],"twitter_misc":{"Est. reading time":"1 minute"},"schema":{"@context":"https:\/\/schema.org","@graph":[{"@type":"WebPage","@id":"https:\/\/www.infenso.hr\/en\/internet-of-things\/","url":"https:\/\/www.infenso.hr\/en\/internet-of-things\/","name":"Internet of things | Infenso | Smart cities and smart homes","isPartOf":{"@id":"https:\/\/www.infenso.hr\/#website"},"primaryImageOfPage":{"@id":"https:\/\/www.infenso.hr\/en\/internet-of-things\/#primaryimage"},"image":{"@id":"https:\/\/www.infenso.hr\/en\/internet-of-things\/#primaryimage"},"thumbnailUrl":"https:\/\/www.infenso.hr\/oohydsoz\/2019\/09\/network_solutions.png","datePublished":"2020-06-15T10:02:40+00:00","dateModified":"2020-06-26T09:51:04+00:00","description":"Smart solutions in cities and households are playing an increasingly important role in our lives. The network of people, devices and information is a new infrastructural basis for development.","breadcrumb":{"@id":"https:\/\/www.infenso.hr\/en\/internet-of-things\/#breadcrumb"},"inLanguage":"en-US","potentialAction":[{"@type":"ReadAction","target":["https:\/\/www.infenso.hr\/en\/internet-of-things\/"]}]},{"@type":"ImageObject","inLanguage":"en-US","@id":"https:\/\/www.infenso.hr\/en\/internet-of-things\/#primaryimage","url":"https:\/\/www.infenso.hr\/oohydsoz\/2019\/09\/network_solutions.png","contentUrl":"https:\/\/www.infenso.hr\/oohydsoz\/2019\/09\/network_solutions.png","width":275,"height":340,"caption":"network solutions infenso"},{"@type":"BreadcrumbList","@id":"https:\/\/www.infenso.hr\/en\/internet-of-things\/#breadcrumb","itemListElement":[{"@type":"ListItem","position":1,"name":"Naslovnica","item":"https:\/\/www.infenso.hr\/en\/infenso\/"},{"@type":"ListItem","position":2,"name":"Internet of things"}]},{"@type":"WebSite","@id":"https:\/\/www.infenso.hr\/#website","url":"https:\/\/www.infenso.hr\/","name":"Infenso","description":"Va\u0161 partner za digitalno doba","potentialAction":[{"@type":"SearchAction","target":{"@type":"EntryPoint","urlTemplate":"https:\/\/www.infenso.hr\/?s={search_term_string}"},"query-input":{"@type":"PropertyValueSpecification","valueRequired":true,"valueName":"search_term_string"}}],"inLanguage":"en-US"}]}},"_links":{"self":[{"href":"https:\/\/www.infenso.hr\/en\/wp-json\/wp\/v2\/pages\/4728","targetHints":{"allow":["GET"]}}],"collection":[{"href":"https:\/\/www.infenso.hr\/en\/wp-json\/wp\/v2\/pages"}],"about":[{"href":"https:\/\/www.infenso.hr\/en\/wp-json\/wp\/v2\/types\/page"}],"author":[{"embeddable":true,"href":"https:\/\/www.infenso.hr\/en\/wp-json\/wp\/v2\/users\/161"}],"replies":[{"embeddable":true,"href":"https:\/\/www.infenso.hr\/en\/wp-json\/wp\/v2\/comments?post=4728"}],"version-history":[{"count":6,"href":"https:\/\/www.infenso.hr\/en\/wp-json\/wp\/v2\/pages\/4728\/revisions"}],"predecessor-version":[{"id":6196,"href":"https:\/\/www.infenso.hr\/en\/wp-json\/wp\/v2\/pages\/4728\/revisions\/6196"}],"wp:featuredmedia":[{"embeddable":true,"href":"https:\/\/www.infenso.hr\/en\/wp-json\/wp\/v2\/media\/4719"}],"wp:attachment":[{"href":"https:\/\/www.infenso.hr\/en\/wp-json\/wp\/v2\/media?parent=4728"}],"curies":[{"name":"wp","href":"https:\/\/api.w.org\/{rel}","templated":true}]}}